{"id":3479,"date":"2022-09-27T17:42:01","date_gmt":"2022-09-27T17:42:01","guid":{"rendered":"https:\/\/farel.net\/?page_id=3479"},"modified":"2023-10-20T00:50:20","modified_gmt":"2023-10-20T00:50:20","slug":"banniere-reformee-francophone","status":"publish","type":"page","link":"https:\/\/farel.net\/en\/banniere-reformee-francophone\/","title":{"rendered":"Banni\u00e8re R\u00e9form\u00e9e Francophone"},"content":{"rendered":"\n<p>Banni\u00e8re R\u00e9form\u00e9e Francophone<strong> <\/strong>(BRF) is a publishing ministry under the direction of Farel.<\/p>\n\n\n\n<p><strong>Vision:<\/strong> Help believers discover the richness of Reformed doctrine so they can better live out God&#8217;s grace.<\/p>\n\n\n\n<p><strong>Mission:<\/strong> For the glory of God and the edification of the Church, we want to:<\/p>\n\n\n\n<ul class=\"wp-block-list\">\n<li>Make works of Reformed confession and practice accessible to French speakers;<\/li>\n\n\n\n<li>Equip pastors, elders and deacons of Reformed and Evangelical churches, as well as theology students;<\/li>\n\n\n\n<li>Promote French-speaking Reformed authors.<\/li>\n<\/ul>\n\n\n\n<p>Reformed works recommended by readers and approved by the BRF steering committee are published by Publications chr\u00e9tiennes under the imprint <strong><a rel=\"noreferrer noopener\" href=\"https:\/\/publicationschretiennes.com\/collections\/editions-la-rochelle\" data-type=\"URL\" data-id=\"https:\/\/publicationschretiennes.com\/collections\/editions-la-rochelle\" target=\"_blank\">\u00c9ditions La Rochelle<\/a><\/strong>.<\/p>\n\n\n<div class=\"wp-block-image\">\n<figure class=\"aligncenter size-full is-resized\"><img loading=\"lazy\" decoding=\"async\" width=\"202\" height=\"206\" src=\"https:\/\/i0.wp.com\/farel.net\/wp-content\/uploads\/2022\/09\/logo-editions-la-rochelle.png?resize=202%2C206&#038;ssl=1\" alt=\"\" class=\"wp-image-3446\" style=\"width:101px;height:103px\" data-recalc-dims=\"1\"\/><\/figure>\n<\/div>\n\n\n<p>We are grateful to receive recommendations for books to be published, either texts in English to be translated or original manuscripts written by French-speaking authors. Contact us here:<\/p>\n\n\n\n<ul class=\"wp-block-list\">\n<li><a href=\"mailto:brfdirecteur@gmail.com\">brfdirecteur@gmail.com<\/a><\/li>\n\n\n\n<li>514-710-5801<\/li>\n<\/ul>\n\n\n\n<div class=\"wp-block-buttons is-layout-flex wp-block-buttons-is-layout-flex\">\n<div class=\"wp-block-button aligncenter\"><a class=\"wp-block-button__link wp-element-button\" href=\"https:\/\/www.zeffy.com\/en-CA\/donation-form\/204ab9c9-b683-422f-8616-45e6ad2963c2\" target=\"_blank\" rel=\"noreferrer noopener\">Make a donation<\/a><\/div>\n<\/div>\n\n\n\n<br>\n\n\n\n<p>Please recommend our books to your friends.<\/p>\n\n\n\n<figure class=\"wp-block-image size-medium is-resized float-image-left\"><img loading=\"lazy\" decoding=\"async\" width=\"199\" height=\"300\" src=\"https:\/\/i0.wp.com\/farel.net\/wp-content\/uploads\/2022\/09\/bernard-westerveld-2020.jpg?resize=199%2C300&#038;ssl=1\" alt=\"\" class=\"wp-image-3451\" style=\"width:149px;height:225px\" srcset=\"https:\/\/i0.wp.com\/farel.net\/wp-content\/uploads\/2022\/09\/bernard-westerveld-2020-scaled.jpg?resize=199%2C300&amp;ssl=1 199w, https:\/\/i0.wp.com\/farel.net\/wp-content\/uploads\/2022\/09\/bernard-westerveld-2020-scaled.jpg?resize=681%2C1024&amp;ssl=1 681w, https:\/\/i0.wp.com\/farel.net\/wp-content\/uploads\/2022\/09\/bernard-westerveld-2020-scaled.jpg?resize=768%2C1155&amp;ssl=1 768w, https:\/\/i0.wp.com\/farel.net\/wp-content\/uploads\/2022\/09\/bernard-westerveld-2020-scaled.jpg?resize=1021%2C1536&amp;ssl=1 1021w, https:\/\/i0.wp.com\/farel.net\/wp-content\/uploads\/2022\/09\/bernard-westerveld-2020-scaled.jpg?resize=1362%2C2048&amp;ssl=1 1362w, https:\/\/i0.wp.com\/farel.net\/wp-content\/uploads\/2022\/09\/bernard-westerveld-2020-scaled.jpg?w=1702&amp;ssl=1 1702w\" sizes=\"auto, (max-width: 199px) 100vw, 199px\" data-recalc-dims=\"1\" \/><\/figure>\n\n\n\n<p class=\"text-to-displace\">Bernard Westerveld<br>Director, BRF<\/p>\n\n\n\n<hr class=\"wp-block-separator has-alpha-channel-opacity\"\/>\n\n\n\n<h3 class=\"wp-block-heading\">The complete list of our books<\/h3>\n\n\n\n<p>Visit the<a rel=\"noreferrer noopener\" href=\"https:\/\/publicationschretiennes.com\/collections\/editions-la-rochelle\" target=\"_blank\">\u00c9ditions La Rochelle<\/a> page for a complete list of our published books (see also the <a rel=\"noreferrer noopener\" href=\"https:\/\/www.facebook.com\/%C3%89ditions-La-Rochelle-108695544129969\" target=\"_blank\">Facebook<\/a> page for news).<\/p>\n\n\n\n<br>\n\n\n\n<h3 class=\"wp-block-heading\">Here are some of our books:<\/h3>\n\n\n<div class=\"wp-block-image\">\n<figure class=\"aligncenter size-full is-resized\"><a href=\"https:\/\/publicationschretiennes.com\/collections\/editions-la-rochelle\/products\/la-bonne-nouvelle-presque-oubliee\" target=\"_blank\" rel=\"noreferrer noopener\"><img loading=\"lazy\" decoding=\"async\" width=\"600\" height=\"900\" src=\"https:\/\/i0.wp.com\/farel.net\/wp-content\/uploads\/2022\/09\/LaBonneNouvellepresqueoubliee-1_600x900.jpg.webp?resize=600%2C900&#038;ssl=1\" alt=\"\" class=\"wp-image-3454\" style=\"width:300px;height:450px\" srcset=\"https:\/\/i0.wp.com\/farel.net\/wp-content\/uploads\/2022\/09\/LaBonneNouvellepresqueoubliee-1_600x900.jpg.webp?w=600&amp;ssl=1 600w, https:\/\/i0.wp.com\/farel.net\/wp-content\/uploads\/2022\/09\/LaBonneNouvellepresqueoubliee-1_600x900.jpg.webp?resize=200%2C300&amp;ssl=1 200w\" sizes=\"auto, (max-width: 600px) 100vw, 600px\" data-recalc-dims=\"1\" \/><\/a><figcaption class=\"wp-element-caption\"><a href=\"https:\/\/publicationschretiennes.com\/collections\/editions-la-rochelle\/products\/la-bonne-nouvelle-presque-oubliee\" data-type=\"URL\" data-id=\"https:\/\/publicationschretiennes.com\/collections\/editions-la-rochelle\/products\/la-bonne-nouvelle-presque-oubliee\" target=\"_blank\" rel=\"noreferrer noopener\">https:\/\/publicationschretiennes.com\/collections\/editions-la-rochelle\/products\/la-bonne-nouvelle-presque-oubliee<\/a><\/figcaption><\/figure>\n<\/div>\n\n<div class=\"wp-block-image\">\n<figure class=\"aligncenter size-full is-resized\"><a href=\"https:\/\/publicationschretiennes.com\/collections\/editions-la-rochelle\/products\/levangelisation-en-toute-honnetete\" target=\"_blank\" rel=\"noreferrer noopener\"><img loading=\"lazy\" decoding=\"async\" width=\"500\" height=\"700\" src=\"https:\/\/i0.wp.com\/farel.net\/wp-content\/uploads\/2022\/09\/LevangelisationentoutehonneteteCOUVC1_100dpi_500x700.jpg.webp?resize=500%2C700&#038;ssl=1\" alt=\"\" class=\"wp-image-3456\" style=\"width:300px;height:450px\" srcset=\"https:\/\/i0.wp.com\/farel.net\/wp-content\/uploads\/2022\/09\/LevangelisationentoutehonneteteCOUVC1_100dpi_500x700.jpg.webp?w=500&amp;ssl=1 500w, https:\/\/i0.wp.com\/farel.net\/wp-content\/uploads\/2022\/09\/LevangelisationentoutehonneteteCOUVC1_100dpi_500x700.jpg.webp?resize=214%2C300&amp;ssl=1 214w\" sizes=\"auto, (max-width: 500px) 100vw, 500px\" data-recalc-dims=\"1\" \/><\/a><figcaption class=\"wp-element-caption\"><a href=\"https:\/\/publicationschretiennes.com\/collections\/editions-la-rochelle\/products\/levangelisation-en-toute-honnetete\" data-type=\"URL\" data-id=\"https:\/\/publicationschretiennes.com\/collections\/editions-la-rochelle\/products\/levangelisation-en-toute-honnetete\" target=\"_blank\" rel=\"noreferrer noopener\">https:\/\/publicationschretiennes.com\/collections\/editions-la-rochelle\/products\/levangelisation-en-toute-honnetete<\/a><\/figcaption><\/figure>\n<\/div>\n\n<div class=\"wp-block-image\">\n<figure class=\"aligncenter size-full is-resized\"><a href=\"https:\/\/publicationschretiennes.com\/collections\/editions-la-rochelle\/products\/lalliance-de-grace\" target=\"_blank\" rel=\"noreferrer noopener\"><img loading=\"lazy\" decoding=\"async\" width=\"500\" height=\"700\" src=\"https:\/\/i0.wp.com\/farel.net\/wp-content\/uploads\/2022\/09\/L_alliance_de_grace-1_500x700.jpg.webp?resize=500%2C700&#038;ssl=1\" alt=\"\" class=\"wp-image-3458\" style=\"width:300px;height:450px\" srcset=\"https:\/\/i0.wp.com\/farel.net\/wp-content\/uploads\/2022\/09\/L_alliance_de_grace-1_500x700.jpg.webp?w=500&amp;ssl=1 500w, https:\/\/i0.wp.com\/farel.net\/wp-content\/uploads\/2022\/09\/L_alliance_de_grace-1_500x700.jpg.webp?resize=214%2C300&amp;ssl=1 214w\" sizes=\"auto, (max-width: 500px) 100vw, 500px\" data-recalc-dims=\"1\" \/><\/a><figcaption class=\"wp-element-caption\"><a href=\"https:\/\/publicationschretiennes.com\/collections\/editions-la-rochelle\/products\/lalliance-de-grace\" data-type=\"URL\" data-id=\"https:\/\/publicationschretiennes.com\/collections\/editions-la-rochelle\/products\/lalliance-de-grace\" target=\"_blank\" rel=\"noreferrer noopener\">https:\/\/publicationschretiennes.com\/collections\/editions-la-rochelle\/products\/lalliance-de-grace<\/a><\/figcaption><\/figure>\n<\/div>","protected":false},"excerpt":{"rendered":"<p>Banni\u00e8re R\u00e9form\u00e9e Francophone (BRF) is a publishing ministry under the direction of Farel. Vision: Help believers discover the richness of Reformed doctrine so they can better live out God&#8217;s grace. Mission: For the glory of God and the edification of <span class=\"readmore\"><a href=\"https:\/\/farel.net\/en\/banniere-reformee-francophone\/\">Continue reading<\/a><\/span><\/p>\n","protected":false},"author":1,"featured_media":0,"parent":0,"menu_order":0,"comment_status":"closed","ping_status":"closed","template":"","meta":{"footnotes":""},"class_list":["post-3479","page","type-page","status-publish","hentry"],"jetpack_sharing_enabled":true,"_links":{"self":[{"href":"https:\/\/farel.net\/en\/wp-json\/wp\/v2\/pages\/3479","targetHints":{"allow":["GET"]}}],"collection":[{"href":"https:\/\/farel.net\/en\/wp-json\/wp\/v2\/pages"}],"about":[{"href":"https:\/\/farel.net\/en\/wp-json\/wp\/v2\/types\/page"}],"author":[{"embeddable":true,"href":"https:\/\/farel.net\/en\/wp-json\/wp\/v2\/users\/1"}],"replies":[{"embeddable":true,"href":"https:\/\/farel.net\/en\/wp-json\/wp\/v2\/comments?post=3479"}],"version-history":[{"count":3,"href":"https:\/\/farel.net\/en\/wp-json\/wp\/v2\/pages\/3479\/revisions"}],"predecessor-version":[{"id":3565,"href":"https:\/\/farel.net\/en\/wp-json\/wp\/v2\/pages\/3479\/revisions\/3565"}],"wp:attachment":[{"href":"https:\/\/farel.net\/en\/wp-json\/wp\/v2\/media?parent=3479"}],"curies":[{"name":"wp","href":"https:\/\/api.w.org\/{rel}","templated":true}]}}