{"id":3372,"date":"2022-07-06T17:01:16","date_gmt":"2022-07-06T17:01:16","guid":{"rendered":"https:\/\/farel.net\/teachers\/winston-bosch\/"},"modified":"2022-07-06T17:01:16","modified_gmt":"2022-07-06T17:01:16","slug":"winston-bosch","status":"publish","type":"page","link":"https:\/\/farel.net\/en\/teachers\/winston-bosch\/","title":{"rendered":"Winston Bosch"},"content":{"rendered":"\n<figure class=\"wp-block-image size-large\"><img loading=\"lazy\" decoding=\"async\" width=\"162\" height=\"188\" src=\"https:\/\/i0.wp.com\/farel.net\/wp-content\/uploads\/2015\/03\/winston-e1626383940787.jpg?resize=162%2C188&#038;ssl=1\" alt=\"\" class=\"wp-image-3348\" data-recalc-dims=\"1\"\/><\/figure>\n\n<p><strong>Pastoral theology <\/strong><\/p>\n\n<p><a href=\"mailto:winstonbosch@gmail.com\">winstonbosch@gmail.com<\/a><strong>   <\/strong><\/p>\n\n<p><strong>514. 661. 6011.<\/strong><\/p>\n\n<p>Winston Bosch is currently the pastor of Jubilee Canadian Reformed Church in Ottawa, where he has served since 2017. Beforehand, he was pastor of St-Paul Reformed Church in Repentigny, Quebec (2011 to 2017).<\/p>\n\n<p>His particular specialties: pastoral care, adult education, homiletics, mission and diaconal ministry.<\/p>\n\n<p>Winston Bosch has worked extensively with various cultural groups, organizations and programs. From 2003 to 2008, he served in Bamako, Mali, for <em>World Renewal<\/em>, a Christian relief and development agency working in more than 30 countries around the world.<\/p>\n\n<p>He also has experience as a board member of SOLA | Coalition for the Gospel (since 2016), board member of FAREL | Institut de th\u00e9ologie r\u00e9form\u00e9e (since 2013), youth leader of St-Jean Reformed Church in Montreal (2009-2011), and president of Mali Educational Association of Bamako Christian Academy (2005-2007).<\/p>\n\n<p>Winston was ordained as a pastor by the Reformed Church of Quebec in 2011, and since 2017 has been a member of the pastoral body of the Federation of Canadian Reformed Churches. With his wife Berber they are parents of three children.<\/p>\n\n<p><strong>Education<\/strong><\/p>\n\n<ul class=\"wp-block-list\"><li>B.Th. Institute of Theological Education of Montreal<\/li><li>M.Sc. (International Development) University of Guelph<\/li><li>B.A. McMaster University<\/li><\/ul>\n","protected":false},"excerpt":{"rendered":"<p>Pastoral theology <span class=\"readmore\"><a href=\"https:\/\/farel.net\/en\/teachers\/winston-bosch\/\">Continue reading<\/a><\/span><\/p>\n","protected":false},"author":1,"featured_media":0,"parent":3344,"menu_order":0,"comment_status":"closed","ping_status":"closed","template":"","meta":{"footnotes":""},"class_list":["post-3372","page","type-page","status-publish","hentry"],"jetpack_sharing_enabled":true,"_links":{"self":[{"href":"https:\/\/farel.net\/en\/wp-json\/wp\/v2\/pages\/3372","targetHints":{"allow":["GET"]}}],"collection":[{"href":"https:\/\/farel.net\/en\/wp-json\/wp\/v2\/pages"}],"about":[{"href":"https:\/\/farel.net\/en\/wp-json\/wp\/v2\/types\/page"}],"author":[{"embeddable":true,"href":"https:\/\/farel.net\/en\/wp-json\/wp\/v2\/users\/1"}],"replies":[{"embeddable":true,"href":"https:\/\/farel.net\/en\/wp-json\/wp\/v2\/comments?post=3372"}],"version-history":[{"count":1,"href":"https:\/\/farel.net\/en\/wp-json\/wp\/v2\/pages\/3372\/revisions"}],"predecessor-version":[{"id":3373,"href":"https:\/\/farel.net\/en\/wp-json\/wp\/v2\/pages\/3372\/revisions\/3373"}],"up":[{"embeddable":true,"href":"https:\/\/farel.net\/en\/wp-json\/wp\/v2\/pages\/3344"}],"wp:attachment":[{"href":"https:\/\/farel.net\/en\/wp-json\/wp\/v2\/media?parent=3372"}],"curies":[{"name":"wp","href":"https:\/\/api.w.org\/{rel}","templated":true}]}}