{"id":3338,"date":"2022-07-06T16:39:14","date_gmt":"2022-07-06T16:39:14","guid":{"rendered":"https:\/\/farel.net\/the-farel-institute\/"},"modified":"2022-07-06T16:39:14","modified_gmt":"2022-07-06T16:39:14","slug":"the-farel-institute","status":"publish","type":"page","link":"https:\/\/farel.net\/en\/the-farel-institute\/","title":{"rendered":"The Farel Institute"},"content":{"rendered":"\n<figure class=\"wp-block-pullquote\"><blockquote><p><strong>&#8220;Prayer, Proclamation, Pastoral Care&#8221;<\/strong><\/p><\/blockquote><\/figure>\n\n<p><em>FAREL | Institut de th\u00e9ologie r\u00e9form\u00e9e<\/em> is dedicated to forming Christians committed to prayer, proclamation and caring for others. It exists for:<\/p>\n\n<ol class=\"wp-block-list\"><li>Training Protestant Reformed <strong>pastors<\/strong> biblically, theologically, and missionally to support their faithful and compassionate service in existing and new congregations;<\/li><li>To help <strong>all Christians<\/strong> acquire a biblical and Reformed worldview and to integrate that worldview into all areas of contemporary society in order to encourage honest and generous service.<\/li><\/ol>\n\n<h2 class=\"wp-block-heading\">About Farel:<\/h2>\n\n<ul class=\"wp-block-list\"><li><a href=\"https:\/\/farel.net\/identite\/\" data-type=\"page\" data-id=\"3022\">Identity<\/a><\/li><li><a href=\"https:\/\/farel.net\/vision\/\" data-type=\"page\" data-id=\"3024\">Vision<\/a><\/li><li><a href=\"https:\/\/farel.net\/histoire\/\" data-type=\"page\" data-id=\"3028\">History<\/a><\/li><li><a href=\"https:\/\/farel.net\/campus\/\" data-type=\"page\" data-id=\"818\">Campus | Library<\/a><\/li><li><a href=\"https:\/\/farel.net\/personnel-enseignant\/\" data-type=\"page\" data-id=\"1751\">Teaching staff<\/a><\/li><\/ul>\n","protected":false},"excerpt":{"rendered":"<p>&#8220;Prayer, Proclamation, Pastoral Care&#8221; FAREL | Institut de th\u00e9ologie r\u00e9form\u00e9e is dedicated to forming Christians committed to prayer, proclamation and caring for others. It exists for: Training Protestant Reformed pastors biblically, theologically, and missionally to support their faithful and compassionate <span class=\"readmore\"><a href=\"https:\/\/farel.net\/en\/the-farel-institute\/\">Continue reading<\/a><\/span><\/p>\n","protected":false},"author":1,"featured_media":0,"parent":0,"menu_order":0,"comment_status":"closed","ping_status":"closed","template":"","meta":{"footnotes":""},"class_list":["post-3338","page","type-page","status-publish","hentry"],"jetpack_sharing_enabled":true,"_links":{"self":[{"href":"https:\/\/farel.net\/en\/wp-json\/wp\/v2\/pages\/3338","targetHints":{"allow":["GET"]}}],"collection":[{"href":"https:\/\/farel.net\/en\/wp-json\/wp\/v2\/pages"}],"about":[{"href":"https:\/\/farel.net\/en\/wp-json\/wp\/v2\/types\/page"}],"author":[{"embeddable":true,"href":"https:\/\/farel.net\/en\/wp-json\/wp\/v2\/users\/1"}],"replies":[{"embeddable":true,"href":"https:\/\/farel.net\/en\/wp-json\/wp\/v2\/comments?post=3338"}],"version-history":[{"count":1,"href":"https:\/\/farel.net\/en\/wp-json\/wp\/v2\/pages\/3338\/revisions"}],"predecessor-version":[{"id":3339,"href":"https:\/\/farel.net\/en\/wp-json\/wp\/v2\/pages\/3338\/revisions\/3339"}],"wp:attachment":[{"href":"https:\/\/farel.net\/en\/wp-json\/wp\/v2\/media?parent=3338"}],"curies":[{"name":"wp","href":"https:\/\/api.w.org\/{rel}","templated":true}]}}