{"id":3320,"date":"2022-07-06T15:18:58","date_gmt":"2022-07-06T15:18:58","guid":{"rendered":"https:\/\/farel.net\/donate\/"},"modified":"2023-01-30T19:59:16","modified_gmt":"2023-01-30T19:59:16","slug":"donate","status":"publish","type":"page","link":"https:\/\/farel.net\/en\/donate\/","title":{"rendered":"Donate"},"content":{"rendered":"\n<p>You may indicate your preference for the use of your donation according to the choices below:<\/p>\n\n\n\n<h2 class=\"wp-block-heading\">General Fund<\/h2>\n\n\n\n<figure class=\"wp-block-image size-large is-resized\"><img loading=\"lazy\" decoding=\"async\" src=\"https:\/\/i0.wp.com\/farel.net\/wp-content\/uploads\/2021\/03\/prier-proclamer-prendre-soin.png?resize=512%2C288&#038;ssl=1\" alt=\"\" class=\"wp-image-2808\" width=\"512\" height=\"288\" srcset=\"https:\/\/i0.wp.com\/farel.net\/wp-content\/uploads\/2021\/03\/prier-proclamer-prendre-soin.png?resize=1024%2C576&amp;ssl=1 1024w, https:\/\/i0.wp.com\/farel.net\/wp-content\/uploads\/2021\/03\/prier-proclamer-prendre-soin.png?resize=300%2C169&amp;ssl=1 300w, https:\/\/i0.wp.com\/farel.net\/wp-content\/uploads\/2021\/03\/prier-proclamer-prendre-soin.png?resize=768%2C432&amp;ssl=1 768w, https:\/\/i0.wp.com\/farel.net\/wp-content\/uploads\/2021\/03\/prier-proclamer-prendre-soin.png?w=1280&amp;ssl=1 1280w\" sizes=\"auto, (max-width: 512px) 100vw, 512px\" data-recalc-dims=\"1\" \/><\/figure>\n\n\n\n<div class=\"wp-block-buttons is-layout-flex wp-block-buttons-is-layout-flex\">\n<div class=\"wp-block-button\"><a class=\"wp-block-button__link has-background wp-element-button\" href=\"https:\/\/www.zeffy.com\/en-CA\/donation-form\/7369f3e8-4226-4c91-a309-dbeab2bcb99b\" style=\"background-color:#1282a4\" target=\"_blank\" rel=\"noreferrer noopener\">Donate<\/a><\/div>\n<\/div>\n\n\n\n<br>\n\n\n\n<hr class=\"wp-block-separator has-alpha-channel-opacity\"\/>\n\n\n\n<h2 class=\"wp-block-heading\">Bernard Westerveld \u2013 Director<\/h2>\n\n\n\n<figure class=\"wp-block-image size-large is-resized\"><img loading=\"lazy\" decoding=\"async\" src=\"https:\/\/i0.wp.com\/farel.net\/wp-content\/uploads\/2022\/11\/fc237026-ec99-4882-8585-11747def8c70.png?resize=512%2C288&#038;ssl=1\" alt=\"\" class=\"wp-image-3495\" width=\"512\" height=\"288\" srcset=\"https:\/\/i0.wp.com\/farel.net\/wp-content\/uploads\/2022\/11\/fc237026-ec99-4882-8585-11747def8c70.png?resize=1024%2C576&amp;ssl=1 1024w, https:\/\/i0.wp.com\/farel.net\/wp-content\/uploads\/2022\/11\/fc237026-ec99-4882-8585-11747def8c70.png?resize=300%2C169&amp;ssl=1 300w, https:\/\/i0.wp.com\/farel.net\/wp-content\/uploads\/2022\/11\/fc237026-ec99-4882-8585-11747def8c70.png?resize=768%2C432&amp;ssl=1 768w, https:\/\/i0.wp.com\/farel.net\/wp-content\/uploads\/2022\/11\/fc237026-ec99-4882-8585-11747def8c70.png?resize=1536%2C864&amp;ssl=1 1536w, https:\/\/i0.wp.com\/farel.net\/wp-content\/uploads\/2022\/11\/fc237026-ec99-4882-8585-11747def8c70.png?w=2048&amp;ssl=1 2048w, https:\/\/i0.wp.com\/farel.net\/wp-content\/uploads\/2022\/11\/fc237026-ec99-4882-8585-11747def8c70.png?w=1658&amp;ssl=1 1658w\" sizes=\"auto, (max-width: 512px) 100vw, 512px\" data-recalc-dims=\"1\" \/><\/figure>\n\n\n\n<div class=\"wp-block-buttons is-layout-flex wp-block-buttons-is-layout-flex\">\n<div class=\"wp-block-button\"><a class=\"wp-block-button__link has-background wp-element-button\" href=\"https:\/\/www.zeffy.com\/en-CA\/donation-form\/56a42618-8f5a-47cd-83c9-a1c6a4ef67ec\" style=\"background-color:#1282a4\" target=\"_blank\" rel=\"noreferrer noopener\">Donate<\/a><\/div>\n<\/div>\n\n\n\n<br>\n\n\n\n<hr class=\"wp-block-separator has-alpha-channel-opacity\"\/>\n\n\n\n<h2 class=\"wp-block-heading\">Jacques Boulet \u2013 Professor<\/h2>\n\n\n\n<figure class=\"wp-block-image size-large is-resized\"><img loading=\"lazy\" decoding=\"async\" src=\"https:\/\/i0.wp.com\/farel.net\/wp-content\/uploads\/2021\/03\/jacques-portrait-november-2020-cropped.jpg?resize=480%2C357&#038;ssl=1\" alt=\"\" class=\"wp-image-2811\" width=\"480\" height=\"357\" srcset=\"https:\/\/i0.wp.com\/farel.net\/wp-content\/uploads\/2021\/03\/jacques-portrait-november-2020-cropped.jpg?w=960&amp;ssl=1 960w, https:\/\/i0.wp.com\/farel.net\/wp-content\/uploads\/2021\/03\/jacques-portrait-november-2020-cropped.jpg?resize=300%2C223&amp;ssl=1 300w, https:\/\/i0.wp.com\/farel.net\/wp-content\/uploads\/2021\/03\/jacques-portrait-november-2020-cropped.jpg?resize=768%2C571&amp;ssl=1 768w\" sizes=\"auto, (max-width: 480px) 100vw, 480px\" data-recalc-dims=\"1\" \/><\/figure>\n\n\n\n<div class=\"wp-block-buttons is-layout-flex wp-block-buttons-is-layout-flex\">\n<div class=\"wp-block-button\"><a class=\"wp-block-button__link has-background wp-element-button\" href=\"https:\/\/www.zeffy.com\/donation-form\/9ca62eeb-cd80-4a9d-bc67-952e80a42a22\" style=\"background-color:#1282a4\" target=\"_blank\" rel=\"noreferrer noopener\">Donate<\/a><\/div>\n<\/div>\n\n\n\n<br>\n\n\n\n<hr class=\"wp-block-separator has-alpha-channel-opacity\"\/>\n\n\n\n<h2 class=\"wp-block-heading\">Fleur-de-Lys Bursaries for Farel Students<\/h2>\n\n\n\n<figure class=\"wp-block-image size-large is-resized\"><img loading=\"lazy\" decoding=\"async\" src=\"https:\/\/i0.wp.com\/farel.net\/wp-content\/uploads\/2023\/01\/pasteurdavid_2015-01-10-13-05_19-scaled-1.jpg?resize=512%2C386&#038;ssl=1\" alt=\"\" class=\"wp-image-3531\" width=\"512\" height=\"386\" srcset=\"https:\/\/i0.wp.com\/farel.net\/wp-content\/uploads\/2023\/01\/pasteurdavid_2015-01-10-13-05_19-scaled-1.jpg?resize=1024%2C772&amp;ssl=1 1024w, https:\/\/i0.wp.com\/farel.net\/wp-content\/uploads\/2023\/01\/pasteurdavid_2015-01-10-13-05_19-scaled-1.jpg?resize=300%2C226&amp;ssl=1 300w, https:\/\/i0.wp.com\/farel.net\/wp-content\/uploads\/2023\/01\/pasteurdavid_2015-01-10-13-05_19-scaled-1.jpg?resize=768%2C579&amp;ssl=1 768w, https:\/\/i0.wp.com\/farel.net\/wp-content\/uploads\/2023\/01\/pasteurdavid_2015-01-10-13-05_19-scaled-1.jpg?resize=1536%2C1157&amp;ssl=1 1536w, https:\/\/i0.wp.com\/farel.net\/wp-content\/uploads\/2023\/01\/pasteurdavid_2015-01-10-13-05_19-scaled-1.jpg?resize=2048%2C1543&amp;ssl=1 2048w, https:\/\/i0.wp.com\/farel.net\/wp-content\/uploads\/2023\/01\/pasteurdavid_2015-01-10-13-05_19-scaled-1.jpg?w=1658&amp;ssl=1 1658w, https:\/\/i0.wp.com\/farel.net\/wp-content\/uploads\/2023\/01\/pasteurdavid_2015-01-10-13-05_19-scaled-1.jpg?w=2487&amp;ssl=1 2487w\" sizes=\"auto, (max-width: 512px) 100vw, 512px\" data-recalc-dims=\"1\" \/><\/figure>\n\n\n\n<div class=\"wp-block-buttons is-layout-flex wp-block-buttons-is-layout-flex\">\n<div class=\"wp-block-button\"><a class=\"wp-block-button__link has-background wp-element-button\" href=\"https:\/\/www.zeffy.com\/en-CA\/donation-form\/2e4ca7a8-b265-4f19-97ab-255f78b51f3f\" style=\"background-color:#1282a4\" target=\"_blank\" rel=\"noreferrer noopener\">Donate<\/a><\/div>\n<\/div>\n\n\n\n<br>\n\n\n\n<hr class=\"wp-block-separator has-alpha-channel-opacity\"\/>\n\n\n\n<h2 class=\"wp-block-heading\">Bani\u00e8re r\u00e9form\u00e9e francophone (BRF)<\/h2>\n\n\n\n<figure class=\"wp-block-image size-full\"><img loading=\"lazy\" decoding=\"async\" width=\"519\" height=\"421\" src=\"https:\/\/i0.wp.com\/farel.net\/wp-content\/uploads\/2022\/11\/36edad09-373b-4622-8b9c-94c05223e2db.png?resize=519%2C421&#038;ssl=1\" alt=\"\" class=\"wp-image-3497\" srcset=\"https:\/\/i0.wp.com\/farel.net\/wp-content\/uploads\/2022\/11\/36edad09-373b-4622-8b9c-94c05223e2db.png?w=519&amp;ssl=1 519w, https:\/\/i0.wp.com\/farel.net\/wp-content\/uploads\/2022\/11\/36edad09-373b-4622-8b9c-94c05223e2db.png?resize=300%2C243&amp;ssl=1 300w\" sizes=\"auto, (max-width: 519px) 100vw, 519px\" data-recalc-dims=\"1\" \/><\/figure>\n\n\n\n<div class=\"wp-block-buttons is-layout-flex wp-block-buttons-is-layout-flex\">\n<div class=\"wp-block-button\"><a class=\"wp-block-button__link has-background wp-element-button\" href=\"https:\/\/www.zeffy.com\/en-CA\/donation-form\/204ab9c9-b683-422f-8616-45e6ad2963c2\" style=\"background-color:#1282a4\" target=\"_blank\" rel=\"noreferrer noopener\">Donate<\/a><\/div>\n<\/div>\n","protected":false},"excerpt":{"rendered":"<p>You may indicate your preference for the use of your donation according to the choices below: General Fund Bernard Westerveld \u2013 Director Jacques Boulet \u2013 Professor Fleur-de-Lys Bursaries for Farel Students Bani\u00e8re r\u00e9form\u00e9e francophone (BRF)<\/p>\n","protected":false},"author":1,"featured_media":0,"parent":0,"menu_order":0,"comment_status":"closed","ping_status":"closed","template":"","meta":{"footnotes":""},"class_list":["post-3320","page","type-page","status-publish","hentry"],"jetpack_sharing_enabled":true,"_links":{"self":[{"href":"https:\/\/farel.net\/en\/wp-json\/wp\/v2\/pages\/3320","targetHints":{"allow":["GET"]}}],"collection":[{"href":"https:\/\/farel.net\/en\/wp-json\/wp\/v2\/pages"}],"about":[{"href":"https:\/\/farel.net\/en\/wp-json\/wp\/v2\/types\/page"}],"author":[{"embeddable":true,"href":"https:\/\/farel.net\/en\/wp-json\/wp\/v2\/users\/1"}],"replies":[{"embeddable":true,"href":"https:\/\/farel.net\/en\/wp-json\/wp\/v2\/comments?post=3320"}],"version-history":[{"count":6,"href":"https:\/\/farel.net\/en\/wp-json\/wp\/v2\/pages\/3320\/revisions"}],"predecessor-version":[{"id":3534,"href":"https:\/\/farel.net\/en\/wp-json\/wp\/v2\/pages\/3320\/revisions\/3534"}],"wp:attachment":[{"href":"https:\/\/farel.net\/en\/wp-json\/wp\/v2\/media?parent=3320"}],"curies":[{"name":"wp","href":"https:\/\/api.w.org\/{rel}","templated":true}]}}