{"id":3317,"date":"2022-07-06T15:17:55","date_gmt":"2022-07-06T15:17:55","guid":{"rendered":"https:\/\/farel.net\/contact\/"},"modified":"2023-09-11T13:05:11","modified_gmt":"2023-09-11T13:05:11","slug":"contact","status":"publish","type":"page","link":"https:\/\/farel.net\/en\/contact\/","title":{"rendered":"Contact"},"content":{"rendered":"\n<h3 class=\"wp-block-heading\">         <img loading=\"lazy\" decoding=\"async\" class=\"alignnone wp-image-2437\" src=\"https:\/\/i0.wp.com\/farel.net\/wp-content\/uploads\/2019\/08\/farel-banner-facebook-6.jpg?resize=330%2C122&#038;ssl=1\" alt=\"\" width=\"330\" height=\"122\" srcset=\"https:\/\/i0.wp.com\/farel.net\/wp-content\/uploads\/2019\/08\/farel-banner-facebook-6.jpg?w=851&amp;ssl=1 851w, https:\/\/i0.wp.com\/farel.net\/wp-content\/uploads\/2019\/08\/farel-banner-facebook-6.jpg?resize=300%2C111&amp;ssl=1 300w, https:\/\/i0.wp.com\/farel.net\/wp-content\/uploads\/2019\/08\/farel-banner-facebook-6.jpg?resize=768%2C284&amp;ssl=1 768w\" sizes=\"auto, (max-width: 330px) 100vw, 330px\" data-recalc-dims=\"1\" \/><\/h3>\n\n\n\n<h3 class=\"wp-block-heading\">FAREL | Institut de th\u00e9ologie r\u00e9form\u00e9e<\/h3>\n\n\n\n<p>Institut Farel<br>Attn. Diane Tass\u00e9<br>5 Place de la Belle-Rive, suite 113<br>Laval (Qu\u00e9bec)<br>H7V 1B3<\/p>\n\n\n\n<p>514-710-5801<br><a href=\"mailto:info@farel.net\">info@farel.net<\/a><br><a href=\"http:\/\/www.farel.net\">www.farel.net<\/a><\/p>\n\n\n\n<h3 class=\"wp-block-heading\"><\/h3>\n\n\n\n<p><strong>Office hours:<\/strong><br>Monday to Thursday 10:00 am to 5:00 pm<\/p>\n","protected":false},"excerpt":{"rendered":"<p>FAREL | Institut de th\u00e9ologie r\u00e9form\u00e9e Institut FarelAttn. Diane Tass\u00e95 Place de la Belle-Rive, suite 113Laval (Qu\u00e9bec)H7V 1B3 514-710-5801info@farel.netwww.farel.net Office hours:Monday to Thursday 10:00 am to 5:00 pm<\/p>\n","protected":false},"author":2,"featured_media":0,"parent":0,"menu_order":0,"comment_status":"closed","ping_status":"open","template":"","meta":{"footnotes":""},"class_list":["post-3317","page","type-page","status-publish","hentry"],"jetpack_sharing_enabled":true,"_links":{"self":[{"href":"https:\/\/farel.net\/en\/wp-json\/wp\/v2\/pages\/3317","targetHints":{"allow":["GET"]}}],"collection":[{"href":"https:\/\/farel.net\/en\/wp-json\/wp\/v2\/pages"}],"about":[{"href":"https:\/\/farel.net\/en\/wp-json\/wp\/v2\/types\/page"}],"author":[{"embeddable":true,"href":"https:\/\/farel.net\/en\/wp-json\/wp\/v2\/users\/2"}],"replies":[{"embeddable":true,"href":"https:\/\/farel.net\/en\/wp-json\/wp\/v2\/comments?post=3317"}],"version-history":[{"count":6,"href":"https:\/\/farel.net\/en\/wp-json\/wp\/v2\/pages\/3317\/revisions"}],"predecessor-version":[{"id":3557,"href":"https:\/\/farel.net\/en\/wp-json\/wp\/v2\/pages\/3317\/revisions\/3557"}],"wp:attachment":[{"href":"https:\/\/farel.net\/en\/wp-json\/wp\/v2\/media?parent=3317"}],"curies":[{"name":"wp","href":"https:\/\/api.w.org\/{rel}","templated":true}]}}