{"id":3312,"date":"2022-07-06T15:10:03","date_gmt":"2022-07-06T15:10:03","guid":{"rendered":"https:\/\/farel.net\/campus-library\/"},"modified":"2022-07-06T17:12:36","modified_gmt":"2022-07-06T17:12:36","slug":"campus-library","status":"publish","type":"page","link":"https:\/\/farel.net\/en\/campus-library\/","title":{"rendered":"Campus | Library"},"content":{"rendered":"<div class=\"et_pb_blurb et_pb_bg_layout_light et_pb_text_align_left et_pb_blurb_position_left\">\n<div class=\"et_pb_blurb_content\">\n<h2>The campus<\/h2>\n<p><strong>FAREL | Institut de th\u00e9ologie r\u00e9form\u00e9e <\/strong>is located at 10710 Hamelin Avenue, Montreal (QC) H2B 2G1. We share the building of the Facult\u00e9 de Th\u00e9ologie \u00c9vang\u00e9lique.<\/p>\n<\/div>\n<\/div>\n<div class=\"et_pb_blurb et_pb_bg_layout_light et_pb_text_align_left et_pb_blurb_position_left\">\n<div class=\"et_pb_blurb_content\">\n<h2>The library<\/h2>\n<p><strong>Farel | Institut de th\u00e9ologie r\u00e9form\u00e9e<\/strong> shares its library with that of the \u00c9cole de th\u00e9ologie \u00e9vang\u00e9lique du Qu\u00e9bec (ETEQ), at 4824 Chemin de la C\u00f4te-des-Neiges, in Montreal, a 10-minute walk from the Universit\u00e9 de Montr\u00e9al, bringing together some 20,000 books, including an important collection (in French) on the Protestant faith in Switzerland and France in the 18th and 19th centuries.<\/p>\n<p>For an annual fee of $50, anyone can use the Farel library, including as a place to research and read. The library is easily accessible by metro and bus. The library has large windows and is very bright, while having a beautiful view of the University of Montreal.<\/p>\n<p><a href=\"https:\/\/koha.eteq.ca:8000\" target=\"_blank\" rel=\"noopener\">Library<\/a> <strong>hours and other information <\/strong><\/p>\n<p><strong>Fees<\/strong>: Free for students. For other subscribers, $50 per year.<\/p>\n<p><strong>For more information<\/strong>: <a href=\"mailto:biblio@etem.ca\">biblio@eteq.ca<\/a><\/p>\n<\/div>\n<p><span style=\"color: #000000;\"><strong><span style=\"color: #1e3a74;\"><span style=\"color: #000000;\">In addition, as a student of the Faculty of Evangelical Theology, you have access to the <\/span><span style=\"color: #000000;\">theology, you have access to the <a href=\"https:\/\/www.fteacadia.com\/biblotheque.html\" target=\"_blank\" rel=\"noopener\">FT\u00c9 library<\/a> at 10710 Hamelin Avenue:<\/span> <\/span><\/strong><\/span><\/p>\n<p><em>* The <span style=\"color: #2a2a2a;\">FT\u00c9 library<\/span> catalog is now available online, <a href=\"http:\/\/fteacadia.mlasolutions.com\/m5\/catalog\/(S(4bhyn441vnomnwddpbjelfwp))\/Default.aspx?internal=1&amp;installation=Default\" target=\"_blank\" rel=\"noopener\"><strong>click here<\/strong><\/a> <\/em><em>to go there.<\/em><\/p>\n<h2>Conferences and remote forums<\/h2>\n<p>There is a great diversity of profiles among the Christians of Quebec. This is why FAREL | Institut de th\u00e9ologie r\u00e9form\u00e9e seeks to offer forums and conferences both in Montreal, elsewhere in Quebec, and by videoconference. <a title=\"Contact\" href=\"http:\/\/www.farel.net\/contact\/\" target=\"_blank\" rel=\"noopener\">Contact us for more information.<\/a><\/p>\n<\/div>\n","protected":false},"excerpt":{"rendered":"<p>The campus FAREL | Institut de th\u00e9ologie r\u00e9form\u00e9e is located at 10710 Hamelin Avenue, Montreal (QC) H2B 2G1. We share the building of the Facult\u00e9 de Th\u00e9ologie \u00c9vang\u00e9lique. The library Farel | Institut de th\u00e9ologie r\u00e9form\u00e9e shares its library with <span class=\"readmore\"><a href=\"https:\/\/farel.net\/en\/campus-library\/\">Continue reading<\/a><\/span><\/p>\n","protected":false},"author":2,"featured_media":0,"parent":0,"menu_order":0,"comment_status":"closed","ping_status":"closed","template":"","meta":{"footnotes":""},"class_list":["post-3312","page","type-page","status-publish","hentry"],"jetpack_sharing_enabled":true,"_links":{"self":[{"href":"https:\/\/farel.net\/en\/wp-json\/wp\/v2\/pages\/3312","targetHints":{"allow":["GET"]}}],"collection":[{"href":"https:\/\/farel.net\/en\/wp-json\/wp\/v2\/pages"}],"about":[{"href":"https:\/\/farel.net\/en\/wp-json\/wp\/v2\/types\/page"}],"author":[{"embeddable":true,"href":"https:\/\/farel.net\/en\/wp-json\/wp\/v2\/users\/2"}],"replies":[{"embeddable":true,"href":"https:\/\/farel.net\/en\/wp-json\/wp\/v2\/comments?post=3312"}],"version-history":[{"count":2,"href":"https:\/\/farel.net\/en\/wp-json\/wp\/v2\/pages\/3312\/revisions"}],"predecessor-version":[{"id":3375,"href":"https:\/\/farel.net\/en\/wp-json\/wp\/v2\/pages\/3312\/revisions\/3375"}],"wp:attachment":[{"href":"https:\/\/farel.net\/en\/wp-json\/wp\/v2\/media?parent=3312"}],"curies":[{"name":"wp","href":"https:\/\/api.w.org\/{rel}","templated":true}]}}