{"id":3305,"date":"2022-07-06T14:56:28","date_gmt":"2022-07-06T14:56:28","guid":{"rendered":"https:\/\/farel.net\/admissions-2\/"},"modified":"2022-07-06T14:58:31","modified_gmt":"2022-07-06T14:58:31","slug":"admissions-2","status":"publish","type":"page","link":"https:\/\/farel.net\/en\/admissions-2\/","title":{"rendered":"Admissions"},"content":{"rendered":"<h3>To benefit from FAREL&#8217;s accompaniment<\/h3>\n<p>FAREL | Institut de th\u00e9ologie r\u00e9form\u00e9e is a private center for pastoral, spiritual and missionary formation, at the service of all churches of the Protestant Reformed faith.<\/p>\n<p>FAREL does not offer courses, but provides pastoral, spiritual and missionary care to pastoral candidates in their studies and to Christians in their field of work.<\/p>\n<p> <strong> In order to benefit from the pastoral, spiritual and missionary accompaniment offered by Farel | Institute of Reformed Theology, we ask you to submit the following documents to the office of the Director of Farel at <\/strong><a href=\"mailto:info@farel.net\">info@farel.net<\/a><\/p>\n<ol>\n<li>A short essay of 250 to 500 words explaining your motivation for wanting to benefit from the pastoral, spiritual and missionary care of the Institut Farel; and<\/li>\n<li>a letter of reference from your local church (parish) where you are involved. <\/li>\n<\/ol>\n<p>FAREL | Institut de th\u00e9ologie r\u00e9form\u00e9e encourages those who wish to take recognized theology courses, while coming from churches of the Reformed faith, to apply (1) for admission and (2) for registration with the Facult\u00e9 de Th\u00e9ologie \u00c9vang\u00e9lique de Montreal.<\/p>\n<p>By order 1059-2018 of August 7, 2018, the Government of Quebec recognizes Acadia University as a university-level educational institution for the purpose of offering in Montreal, through the Faculty of Evangelical Theology, a number of programs and degrees.<\/p>\n<p>Please contact the Facult\u00e9 de th\u00e9ologie \u00e9vang\u00e9lique at: <a href=\"http:\/\/www.fteacadia.com\" target=\"_blank\" rel=\"noopener\"><strong>www.fteacadia.com<\/strong><\/a><\/p>\n<p><span style=\"color: inherit; font-size: 1.56em; font-weight: 600;\">Admission criteria for the Faculty of Evangelical Theology of Montreal<\/span><\/p>\n<p><strong style=\"font-size: inherit;\">In accordance with the Facult\u00e9 de th\u00e9ologie \u00e9vang\u00e9lique de Montr\u00e9al (Acadia University) if you wish to follow a program of study there, you will need to submit the following items to the FT\u00c9 Registrar:<\/strong><\/p>\n<div class=\"et_pb_toggle et_pb_toggle_close\">\n<div class=\"et_pb_toggle et_pb_toggle_close\">\n<div class=\"et_pb_toggle_content clearfix\">\n<div class=\"et_pb_row\">\n<div class=\"et_pb_column et_pb_column_4_4\">\n<div class=\"et_pb_text et_pb_bg_layout_light et_pb_text_align_left\">\n<ol>\n<li>Le formulaire de demande d\u2019admission, les documents requis, et un paiement pour couvrir les frais d&#8217;admission: <a href=\"https:\/\/www.fteacadia.com\/admissions.html\" target=\"_blank\" rel=\"noopener\">https:\/\/www.fteacadia.com\/admissions.html<\/a>.<\/li>\n<li>\n<p class=\"p1\">One photo, passport size;<\/p>\n<\/li>\n<li>Copy of your permanent residence card (for permanent residents only) or your student visa (Certificat d&#8217;Acception du Qu\u00e9bec) and passport (for foreign students only).<\/li>\n<\/ol>\n<\/div>\n<\/div>\n<\/div>\n<div class=\"et_pb_row\"> <\/div>\n<\/div>\n<\/div>\n<\/div>\n\n<p><\/p>\n","protected":false},"excerpt":{"rendered":"<p>Read about our admission criteria, application process and financial aid details.  <span class=\"readmore\"><a href=\"https:\/\/farel.net\/en\/admissions-2\/\">Continue reading<\/a><\/span><\/p>\n","protected":false},"author":2,"featured_media":0,"parent":0,"menu_order":0,"comment_status":"closed","ping_status":"closed","template":"","meta":{"footnotes":""},"class_list":["post-3305","page","type-page","status-publish","hentry"],"jetpack_sharing_enabled":true,"_links":{"self":[{"href":"https:\/\/farel.net\/en\/wp-json\/wp\/v2\/pages\/3305","targetHints":{"allow":["GET"]}}],"collection":[{"href":"https:\/\/farel.net\/en\/wp-json\/wp\/v2\/pages"}],"about":[{"href":"https:\/\/farel.net\/en\/wp-json\/wp\/v2\/types\/page"}],"author":[{"embeddable":true,"href":"https:\/\/farel.net\/en\/wp-json\/wp\/v2\/users\/2"}],"replies":[{"embeddable":true,"href":"https:\/\/farel.net\/en\/wp-json\/wp\/v2\/comments?post=3305"}],"version-history":[{"count":2,"href":"https:\/\/farel.net\/en\/wp-json\/wp\/v2\/pages\/3305\/revisions"}],"predecessor-version":[{"id":3311,"href":"https:\/\/farel.net\/en\/wp-json\/wp\/v2\/pages\/3305\/revisions\/3311"}],"wp:attachment":[{"href":"https:\/\/farel.net\/en\/wp-json\/wp\/v2\/media?parent=3305"}],"curies":[{"name":"wp","href":"https:\/\/api.w.org\/{rel}","templated":true}]}}